{"id":14,"date":"2024-03-15T20:12:09","date_gmt":"2024-03-15T20:12:09","guid":{"rendered":"https:\/\/homeforstrays.ro\/?page_id=14"},"modified":"2024-03-16T20:26:14","modified_gmt":"2024-03-16T20:26:14","slug":"doneaza","status":"publish","type":"page","link":"https:\/\/homeforstrays.ro\/index.php\/doneaza\/","title":{"rendered":"Doneaz\u0103"},"content":{"rendered":"\n<p>Po\u021bi ajuta \u0219i tu Asocia\u021bia Simona&#8217;s Strays depun\u00e2nd orice sum\u0103 de bani \u00een contul asocia\u021biei, ale c\u0103rui detalii le g\u0103se\u0219ti mai jos:<\/p>\n\n\n\n<div class=\"wp-block-group has-base-2-background-color has-background is-vertical is-layout-flex wp-container-core-group-layout-5 wp-block-group-is-layout-flex\" style=\"border-radius:24px;padding-top:var(--wp--preset--spacing--10);padding-right:var(--wp--preset--spacing--10);padding-bottom:var(--wp--preset--spacing--10);padding-left:var(--wp--preset--spacing--10)\">\n<div class=\"wp-block-group is-nowrap is-layout-flex wp-container-core-group-layout-1 wp-block-group-is-layout-flex\">\n<p><mark style=\"background-color:rgba(0, 0, 0, 0)\" class=\"has-inline-color has-contrast-2-color\">Beneficiar:<\/mark><\/p>\n\n\n\n<p><em>ASOCIATIA SIMONAS STRAY<\/em>S<\/p>\n<\/div>\n\n\n\n<div class=\"wp-block-group is-nowrap is-layout-flex wp-container-core-group-layout-2 wp-block-group-is-layout-flex\">\n<p><mark style=\"background-color:rgba(0, 0, 0, 0)\" class=\"has-inline-color has-contrast-2-color\">C.I.F:<\/mark><\/p>\n\n\n\n<p><em>40291715<\/em><\/p>\n<\/div>\n\n\n\n<div class=\"wp-block-group is-nowrap is-layout-flex wp-container-core-group-layout-3 wp-block-group-is-layout-flex\">\n<p><mark style=\"background-color:rgba(0, 0, 0, 0)\" class=\"has-inline-color has-contrast-2-color\">IBAN:<\/mark><\/p>\n\n\n\n<p><em>RO70INGB0000999908666989<\/em><\/p>\n<\/div>\n\n\n\n<div class=\"wp-block-group is-nowrap is-layout-flex wp-container-core-group-layout-4 wp-block-group-is-layout-flex\">\n<p><mark style=\"background-color:rgba(0, 0, 0, 0)\" class=\"has-inline-color has-contrast-2-color\">Banca:<\/mark><\/p>\n\n\n\n<p><em>INGB CENTRALA<\/em><\/p>\n<\/div>\n<\/div>\n\n\n\n<figure class=\"wp-block-image size-full is-resized is-style-rounded wp-duotone-unset-1\"><img loading=\"lazy\" decoding=\"async\" width=\"360\" height=\"240\" src=\"https:\/\/homeforstrays.ro\/wp-content\/uploads\/2024\/03\/sad-dog.jpeg\" alt=\"\" class=\"wp-image-129\" style=\"width:360px;height:auto\"\/><\/figure>\n\n\n\n<div style=\"height:50px\" aria-hidden=\"true\" class=\"wp-block-spacer\"><\/div>\n","protected":false},"excerpt":{"rendered":"<p>Po\u021bi ajuta \u0219i tu Asocia\u021bia Simona&#8217;s Strays depun\u00e2nd orice sum\u0103 de bani \u00een contul asocia\u021biei, ale c\u0103rui detalii le g\u0103se\u0219ti mai jos: Beneficiar: ASOCIATIA SIMONAS STRAYS C.I.F: 40291715 IBAN: RO70INGB0000999908666989 Banca: INGB CENTRALA<\/p>\n","protected":false},"author":1,"featured_media":0,"parent":0,"menu_order":0,"comment_status":"closed","ping_status":"closed","template":"","meta":{"footnotes":""},"_links":{"self":[{"href":"https:\/\/homeforstrays.ro\/index.php\/wp-json\/wp\/v2\/pages\/14"}],"collection":[{"href":"https:\/\/homeforstrays.ro\/index.php\/wp-json\/wp\/v2\/pages"}],"about":[{"href":"https:\/\/homeforstrays.ro\/index.php\/wp-json\/wp\/v2\/types\/page"}],"author":[{"embeddable":true,"href":"https:\/\/homeforstrays.ro\/index.php\/wp-json\/wp\/v2\/users\/1"}],"replies":[{"embeddable":true,"href":"https:\/\/homeforstrays.ro\/index.php\/wp-json\/wp\/v2\/comments?post=14"}],"version-history":[{"count":5,"href":"https:\/\/homeforstrays.ro\/index.php\/wp-json\/wp\/v2\/pages\/14\/revisions"}],"predecessor-version":[{"id":130,"href":"https:\/\/homeforstrays.ro\/index.php\/wp-json\/wp\/v2\/pages\/14\/revisions\/130"}],"wp:attachment":[{"href":"https:\/\/homeforstrays.ro\/index.php\/wp-json\/wp\/v2\/media?parent=14"}],"curies":[{"name":"wp","href":"https:\/\/api.w.org\/{rel}","templated":true}]}}