{"id":7,"date":"2024-03-15T20:08:29","date_gmt":"2024-03-15T20:08:29","guid":{"rendered":"https:\/\/homeforstrays.ro\/?page_id=7"},"modified":"2024-04-08T19:11:24","modified_gmt":"2024-04-08T19:11:24","slug":"home","status":"publish","type":"page","link":"https:\/\/homeforstrays.ro\/","title":{"rendered":"Acas\u0103"},"content":{"rendered":"\n<p class=\"has-text-align-center\" style=\"font-size:clamp(18.959px, 1.185rem + ((1vw - 3.2px) * 1.15), 30px);\">Bine&nbsp;a\u021bi&nbsp;venit pe&nbsp;pagina&nbsp;Asocia\u021biei&nbsp;Simona&#8217;s Strays!<\/p>\n\n\n\n<p>Cel mai ambi\u021bios proiect al Asocia\u021biei&nbsp;Simona&#8217;s Strays este construirea unui&nbsp;ad\u0103post&nbsp;pentru&nbsp;anim\u0103lu\u021be,&nbsp;l\u00e2ng\u0103&nbsp;Craiova,&nbsp;\u00een&nbsp;satul&nbsp;Prede\u0219ti.<\/p>\n\n\n\n<p>Proiectul&nbsp;este&nbsp;deja&nbsp;\u00een&nbsp;desf\u0103\u0219urare, dar&nbsp;mai&nbsp;avem nevoie de fonduri pentru&nbsp;finalizare. Contribuie&nbsp;\u0219i&nbsp;tu&nbsp;la&nbsp;construirea acestui&nbsp;ad\u0103post&nbsp;printr-o&nbsp;dona\u021bie&nbsp;oric\u00e2t&nbsp;de&nbsp;mic\u0103&nbsp;ar&nbsp;fi!&nbsp;<\/p>\n\n\n\n<p>Dac\u0103&nbsp;vrei&nbsp;s\u0103&nbsp;aju\u021bi&nbsp;acest proiect,&nbsp;po\u021bi&nbsp;accesa&nbsp;pagina&nbsp;de&nbsp;<a href=\"https:\/\/homeforstrays.ro\/index.php\/doneaza\/\" data-type=\"page\" data-id=\"14\">Doneaz\u0103<\/a>&nbsp;unde vei&nbsp;g\u0103si&nbsp;mai&nbsp;multe&nbsp;date despre modul&nbsp;\u00een&nbsp;care&nbsp;po\u021bi&nbsp;face acest lucru. <\/p>\n\n\n\n<p>\u0218i&nbsp;tu&nbsp;po\u021bi&nbsp;face&nbsp;diferen\u021ba!<\/p>\n\n\n\n<figure class=\"wp-block-gallery has-nested-images columns-default is-cropped wp-block-gallery-1 is-layout-flex wp-block-gallery-is-layout-flex\">\n<figure data-wp-context=\"{ &quot;core&quot;:\n\t\t\t\t{ &quot;image&quot;:\n\t\t\t\t\t{   &quot;imageLoaded&quot;: false,\n\t\t\t\t\t\t&quot;initialized&quot;: false,\n\t\t\t\t\t\t&quot;lightboxEnabled&quot;: false,\n\t\t\t\t\t\t&quot;hideAnimationEnabled&quot;: false,\n\t\t\t\t\t\t&quot;preloadInitialized&quot;: false,\n\t\t\t\t\t\t&quot;lightboxAnimation&quot;: &quot;zoom&quot;,\n\t\t\t\t\t\t&quot;imageUploadedSrc&quot;: &quot;https:\/\/homeforstrays.ro\/wp-content\/uploads\/2024\/04\/poza_aprile_20241.jpeg&quot;,\n\t\t\t\t\t\t&quot;imageCurrentSrc&quot;: &quot;&quot;,\n\t\t\t\t\t\t&quot;targetWidth&quot;: &quot;2016&quot;,\n\t\t\t\t\t\t&quot;targetHeight&quot;: &quot;1512&quot;,\n\t\t\t\t\t\t&quot;scaleAttr&quot;: &quot;&quot;,\n\t\t\t\t\t\t&quot;dialogLabel&quot;: &quot;Enlarged image&quot;\n\t\t\t\t\t}\n\t\t\t\t}\n\t\t\t}\" data-wp-interactive class=\"wp-block-image size-large wp-lightbox-container\"><img loading=\"lazy\" decoding=\"async\" width=\"2016\" height=\"1512\" data-wp-effect--setStylesOnResize=\"effects.core.image.setStylesOnResize\" data-wp-effect=\"effects.core.image.setButtonStyles\" data-wp-init=\"effects.core.image.initOriginImage\" data-wp-on--click=\"actions.core.image.showLightbox\" data-wp-on--load=\"actions.core.image.handleLoad\" data-id=\"204\" src=\"https:\/\/homeforstrays.ro\/wp-content\/uploads\/2024\/04\/poza_aprile_20241.jpeg\" alt=\"\" class=\"wp-image-204\"\/><button\n\t\t\tclass=\"lightbox-trigger\"\n\t\t\ttype=\"button\"\n\t\t\taria-haspopup=\"dialog\"\n\t\t\taria-label=\"Enlarge image\"\n\t\t\tdata-wp-on--click=\"actions.core.image.showLightbox\"\n\t\t\tdata-wp-style--right=\"context.core.image.imageButtonRight\"\n\t\t\tdata-wp-style--top=\"context.core.image.imageButtonTop\"\n\t\t>\n\t\t\t<svg xmlns=\"http:\/\/www.w3.org\/2000\/svg\" width=\"12\" height=\"12\" fill=\"none\" viewBox=\"0 0 12 12\">\n\t\t\t\t<path fill=\"#fff\" d=\"M2 0a2 2 0 0 0-2 2v2h1.5V2a.5.5 0 0 1 .5-.5h2V0H2Zm2 10.5H2a.5.5 0 0 1-.5-.5V8H0v2a2 2 0 0 0 2 2h2v-1.5ZM8 12v-1.5h2a.5.5 0 0 0 .5-.5V8H12v2a2 2 0 0 1-2 2H8Zm2-12a2 2 0 0 1 2 2v2h-1.5V2a.5.5 0 0 0-.5-.5H8V0h2Z\" \/>\n\t\t\t<\/svg>\n\t\t<\/button>        <div data-wp-body=\"\" class=\"wp-lightbox-overlay zoom\"\n            data-wp-bind--role=\"selectors.core.image.roleAttribute\"\n            data-wp-bind--aria-label=\"selectors.core.image.dialogLabel\"\n            data-wp-class--initialized=\"context.core.image.initialized\"\n            data-wp-class--active=\"context.core.image.lightboxEnabled\"\n            data-wp-class--hideAnimationEnabled=\"context.core.image.hideAnimationEnabled\"\n            data-wp-bind--aria-modal=\"selectors.core.image.ariaModal\"\n            data-wp-effect=\"effects.core.image.initLightbox\"\n            data-wp-on--keydown=\"actions.core.image.handleKeydown\"\n            data-wp-on--touchstart=\"actions.core.image.handleTouchStart\"\n            data-wp-on--touchmove=\"actions.core.image.handleTouchMove\"\n            data-wp-on--touchend=\"actions.core.image.handleTouchEnd\"\n            data-wp-on--click=\"actions.core.image.hideLightbox\"\n            tabindex=\"-1\"\n            >\n                <button type=\"button\" aria-label=\"Close\" style=\"fill: var(--wp--preset--color--contrast)\" class=\"close-button\" data-wp-on--click=\"actions.core.image.hideLightbox\">\n                    <svg xmlns=\"http:\/\/www.w3.org\/2000\/svg\" viewBox=\"0 0 24 24\" width=\"20\" height=\"20\" aria-hidden=\"true\" focusable=\"false\"><path d=\"M13 11.8l6.1-6.3-1-1-6.1 6.2-6.1-6.2-1 1 6.1 6.3-6.5 6.7 1 1 6.5-6.6 6.5 6.6 1-1z\"><\/path><\/svg>\n                <\/button>\n                <div class=\"lightbox-image-container\">\n<figure class=\"wp-block-image size-large responsive-image\"><img decoding=\"async\" data-wp-bind--src=\"context.core.image.imageCurrentSrc\" data-wp-style--object-fit=\"selectors.core.image.lightboxObjectFit\" data-id=\"204\" src=\"\" alt=\"\" class=\"wp-image-204\"\/><\/figure>\n<\/div>\n                <div class=\"lightbox-image-container\">\n<figure class=\"wp-block-image size-large enlarged-image\"><img decoding=\"async\" data-wp-bind--src=\"selectors.core.image.enlargedImgSrc\" data-wp-style--object-fit=\"selectors.core.image.lightboxObjectFit\" data-id=\"204\" src=\"\" alt=\"\" class=\"wp-image-204\"\/><\/figure>\n<\/div>\n                <div class=\"scrim\" style=\"background-color: var(--wp--preset--color--base)\" aria-hidden=\"true\"><\/div>\n        <\/div><\/figure>\n\n\n\n<figure class=\"wp-block-image size-large\"><img loading=\"lazy\" decoding=\"async\" width=\"2016\" height=\"1512\" data-id=\"205\" src=\"https:\/\/homeforstrays.ro\/wp-content\/uploads\/2024\/04\/poza_aprile_20242.jpeg\" alt=\"\" class=\"wp-image-205\"\/><\/figure>\n\n\n\n<figure class=\"wp-block-image size-large\"><img loading=\"lazy\" decoding=\"async\" width=\"1600\" height=\"1200\" data-id=\"206\" src=\"https:\/\/homeforstrays.ro\/wp-content\/uploads\/2024\/04\/poza_aprile_20243.jpeg\" alt=\"\" class=\"wp-image-206\"\/><\/figure>\n\n\n\n<figure class=\"wp-block-image size-large\"><img loading=\"lazy\" decoding=\"async\" width=\"1600\" height=\"1200\" data-id=\"207\" src=\"https:\/\/homeforstrays.ro\/wp-content\/uploads\/2024\/04\/poza_aprile_20244.jpeg\" alt=\"\" class=\"wp-image-207\"\/><\/figure>\n\n\n\n<figure class=\"wp-block-image size-large\"><img loading=\"lazy\" decoding=\"async\" width=\"1536\" height=\"2048\" data-id=\"208\" src=\"https:\/\/homeforstrays.ro\/wp-content\/uploads\/2024\/04\/poza_aprile_20245.jpeg\" alt=\"\" class=\"wp-image-208\"\/><\/figure>\n\n\n\n<figure class=\"wp-block-image size-large\"><img loading=\"lazy\" decoding=\"async\" width=\"1536\" height=\"2048\" data-id=\"209\" src=\"https:\/\/homeforstrays.ro\/wp-content\/uploads\/2024\/04\/poza_aprile_20246.jpeg\" alt=\"\" class=\"wp-image-209\"\/><\/figure>\n\n\n\n<figure class=\"wp-block-image size-large\"><img loading=\"lazy\" decoding=\"async\" width=\"1536\" height=\"2048\" data-id=\"210\" src=\"https:\/\/homeforstrays.ro\/wp-content\/uploads\/2024\/04\/poza_aprile_20247.jpeg\" alt=\"\" class=\"wp-image-210\"\/><\/figure>\n\n\n\n<figure class=\"wp-block-image size-large\"><img loading=\"lazy\" decoding=\"async\" width=\"1536\" height=\"2048\" data-id=\"211\" src=\"https:\/\/homeforstrays.ro\/wp-content\/uploads\/2024\/04\/poza_aprile_20248.jpeg\" alt=\"\" class=\"wp-image-211\"\/><\/figure>\n\n\n\n<figure class=\"wp-block-image size-large\"><img loading=\"lazy\" decoding=\"async\" width=\"1536\" height=\"2048\" data-id=\"212\" src=\"https:\/\/homeforstrays.ro\/wp-content\/uploads\/2024\/04\/poza_aprile_20249.jpeg\" alt=\"\" class=\"wp-image-212\"\/><\/figure>\n<\/figure>\n\n\n\n<div style=\"height:100px\" aria-hidden=\"true\" class=\"wp-block-spacer\"><\/div>\n","protected":false},"excerpt":{"rendered":"<p>Bine&nbsp;a\u021bi&nbsp;venit pe&nbsp;pagina&nbsp;Asocia\u021biei&nbsp;Simona&#8217;s Strays! Cel mai ambi\u021bios proiect al Asocia\u021biei&nbsp;Simona&#8217;s Strays este construirea unui&nbsp;ad\u0103post&nbsp;pentru&nbsp;anim\u0103lu\u021be,&nbsp;l\u00e2ng\u0103&nbsp;Craiova,&nbsp;\u00een&nbsp;satul&nbsp;Prede\u0219ti. Proiectul&nbsp;este&nbsp;deja&nbsp;\u00een&nbsp;desf\u0103\u0219urare, dar&nbsp;mai&nbsp;avem nevoie de fonduri pentru&nbsp;finalizare. Contribuie&nbsp;\u0219i&nbsp;tu&nbsp;la&nbsp;construirea acestui&nbsp;ad\u0103post&nbsp;printr-o&nbsp;dona\u021bie&nbsp;oric\u00e2t&nbsp;de&nbsp;mic\u0103&nbsp;ar&nbsp;fi!&nbsp; Dac\u0103&nbsp;vrei&nbsp;s\u0103&nbsp;aju\u021bi&nbsp;acest proiect,&nbsp;po\u021bi&nbsp;accesa&nbsp;pagina&nbsp;de&nbsp;Doneaz\u0103&nbsp;unde vei&nbsp;g\u0103si&nbsp;mai&nbsp;multe&nbsp;date despre modul&nbsp;\u00een&nbsp;care&nbsp;po\u021bi&nbsp;face acest lucru. \u0218i&nbsp;tu&nbsp;po\u021bi&nbsp;face&nbsp;diferen\u021ba!<\/p>\n","protected":false},"author":1,"featured_media":0,"parent":0,"menu_order":0,"comment_status":"closed","ping_status":"closed","template":"","meta":{"footnotes":""},"_links":{"self":[{"href":"https:\/\/homeforstrays.ro\/index.php\/wp-json\/wp\/v2\/pages\/7"}],"collection":[{"href":"https:\/\/homeforstrays.ro\/index.php\/wp-json\/wp\/v2\/pages"}],"about":[{"href":"https:\/\/homeforstrays.ro\/index.php\/wp-json\/wp\/v2\/types\/page"}],"author":[{"embeddable":true,"href":"https:\/\/homeforstrays.ro\/index.php\/wp-json\/wp\/v2\/users\/1"}],"replies":[{"embeddable":true,"href":"https:\/\/homeforstrays.ro\/index.php\/wp-json\/wp\/v2\/comments?post=7"}],"version-history":[{"count":10,"href":"https:\/\/homeforstrays.ro\/index.php\/wp-json\/wp\/v2\/pages\/7\/revisions"}],"predecessor-version":[{"id":216,"href":"https:\/\/homeforstrays.ro\/index.php\/wp-json\/wp\/v2\/pages\/7\/revisions\/216"}],"wp:attachment":[{"href":"https:\/\/homeforstrays.ro\/index.php\/wp-json\/wp\/v2\/media?parent=7"}],"curies":[{"name":"wp","href":"https:\/\/api.w.org\/{rel}","templated":true}]}}